{"id":1000,"date":"2023-07-27T13:35:30","date_gmt":"2023-07-27T17:35:30","guid":{"rendered":"http:\/\/devtheatresaintecatherine.local\/?page_id=1000"},"modified":"2023-08-15T14:41:08","modified_gmt":"2023-08-15T18:41:08","slug":"les-lundi-workshop","status":"publish","type":"page","link":"https:\/\/theatresaintecatherine.com\/en\/les-lundi-workshop\/","title":{"rendered":"Les Lundi d&#8217;Impro Workshop"},"content":{"rendered":"<p>[et_pb_section fb_built=&#8221;1&#8243; _builder_version=&#8221;4.21.0&#8243; _module_preset=&#8221;default&#8221; global_colors_info=&#8221;{}&#8221;][et_pb_row _builder_version=&#8221;4.21.0&#8243; _module_preset=&#8221;default&#8221; global_colors_info=&#8221;{}&#8221;][et_pb_column type=&#8221;4_4&#8243; _builder_version=&#8221;4.21.0&#8243; _module_preset=&#8221;default&#8221; global_colors_info=&#8221;{}&#8221;][et_pb_image src=&#8221;https:\/\/theatresaintecatheri.live-website.com\/wp-content\/uploads\/2023\/07\/leslundisdimpro-1152&#215;648-fr-6083282f.png&#8221; alt=&#8221;Les Lundi&#8221; title_text=&#8221;leslundisdimpro-1152&#215;648-fr-6083282f&#8221; _builder_version=&#8221;4.21.2&#8243; _module_preset=&#8221;default&#8221; custom_margin=&#8221;-4%||||false|false&#8221; hover_enabled=&#8221;0&#8243; global_colors_info=&#8221;{}&#8221; border_radii=&#8221;on|33px|33px|33px|33px&#8221; sticky_enabled=&#8221;0&#8243;][\/et_pb_image][\/et_pb_column][\/et_pb_row][et_pb_row _builder_version=&#8221;4.21.0&#8243; _module_preset=&#8221;default&#8221; global_colors_info=&#8221;{}&#8221;][et_pb_column type=&#8221;4_4&#8243; _builder_version=&#8221;4.21.0&#8243; _module_preset=&#8221;default&#8221; global_colors_info=&#8221;{}&#8221;][et_pb_text _builder_version=&#8221;4.21.0&#8243; _module_preset=&#8221;e7cce2ec-0a78-4c9c-ba47-baa74380f1b0&#8243; header_2_text_color=&#8221;#da0037&#8243; global_colors_info=&#8221;{}&#8221;]<\/p>\n<h4><span style=\"font-family: 'arial black', 'avant garde'; font-size: 18px;\"><b>Open to All<\/b><\/span><\/h4>\n<h5><span style=\"font-family: 'arial black', 'avant garde';\"><b>5PM-7PM FREE WORKSHOP<\/b><\/span><\/h5>\n<p><strong>Places are limited &#8211; first come, first served!<\/strong><\/p>\n<p style=\"text-align: left;\"><span style=\"font-family: helvetica; font-size: 18px;\">For over a decade, Th\u00e9\u00e2tre Sainte-Catherine Caf\u00e9-Bar has been offering Montreal&#8217;s oldest free improv workshop: <a href=\"https:\/\/theatresaintecatheri.live-website.com\/sunday-night-improv\/\">Sunday Night Improv<\/a>.\u00a0<\/span><\/p>\n<p style=\"text-align: left;\"><span style=\"font-family: helvetica; font-size: 18px;\">In 2012, we launched Lundis d&#8217;impro, dedicated to French-language improvisation. With over 10 years&#8217; experience, our workshop leaders lead a unique collaborative experience in Montreal, focusing on understanding the improvisation process and fostering synergy between participants.<\/span><\/p>\n<p style=\"text-align: left;\"><span style=\"font-family: helvetica; font-size: 18px;\">Everyone is welcome &#8211; beginners and experts alike &#8211; giving veterans and rookies the opportunity to learn from each other. Our style of instruction is based on Keith Johnstone&#8217;s (Loose Moose Theatre, Calgary) method, in which players take full responsibility for the stage by emphasizing the most important elements of the story: dynamic relationships between characters, narration and scenes.<\/span><\/p>\n<p style=\"text-align: left;\"><span style=\"font-family: helvetica; font-size: 18px;\"><\/span><\/p>\n<p style=\"text-align: left;\">\n<p>[\/et_pb_text][\/et_pb_column][\/et_pb_row][et_pb_row _builder_version=&#8221;4.21.0&#8243; _module_preset=&#8221;default&#8221; global_colors_info=&#8221;{}&#8221;][et_pb_column type=&#8221;4_4&#8243; _builder_version=&#8221;4.21.0&#8243; _module_preset=&#8221;default&#8221; global_colors_info=&#8221;{}&#8221;][et_pb_gallery gallery_ids=&#8221;1007,1008&#8243; gallery_orderby=&#8221;rand&#8221; fullwidth=&#8221;on&#8221; _builder_version=&#8221;4.21.2&#8243; _module_preset=&#8221;default&#8221; custom_margin=&#8221;0px|0px|0px|0px|false|false&#8221; custom_padding=&#8221;0px|0px|0px|0px|false|false&#8221; hover_enabled=&#8221;0&#8243; global_colors_info=&#8221;{}&#8221; border_radii=&#8221;on|33px|33px|33px|33px&#8221; sticky_enabled=&#8221;0&#8243;][\/et_pb_gallery][\/et_pb_column][\/et_pb_row][\/et_pb_section]<\/p>\n","protected":false},"excerpt":{"rendered":"<p>Open to All 5PM-7PM FREE WORKSHOP Places are limited &#8211; first come, first served! For over a decade, Th\u00e9\u00e2tre Sainte-Catherine Caf\u00e9-Bar has been offering Montreal&#8217;s oldest free improv workshop: Sunday [&hellip;]<\/p>\n","protected":false},"author":1,"featured_media":0,"parent":0,"menu_order":0,"comment_status":"closed","ping_status":"closed","template":"","meta":{"_et_pb_use_builder":"on","_et_pb_old_content":"","_et_gb_content_width":"","footnotes":""},"class_list":["post-1000","page","type-page","status-publish","hentry"],"_links":{"self":[{"href":"https:\/\/theatresaintecatherine.com\/en\/wp-json\/wp\/v2\/pages\/1000","targetHints":{"allow":["GET"]}}],"collection":[{"href":"https:\/\/theatresaintecatherine.com\/en\/wp-json\/wp\/v2\/pages"}],"about":[{"href":"https:\/\/theatresaintecatherine.com\/en\/wp-json\/wp\/v2\/types\/page"}],"author":[{"embeddable":true,"href":"https:\/\/theatresaintecatherine.com\/en\/wp-json\/wp\/v2\/users\/1"}],"replies":[{"embeddable":true,"href":"https:\/\/theatresaintecatherine.com\/en\/wp-json\/wp\/v2\/comments?post=1000"}],"version-history":[{"count":0,"href":"https:\/\/theatresaintecatherine.com\/en\/wp-json\/wp\/v2\/pages\/1000\/revisions"}],"wp:attachment":[{"href":"https:\/\/theatresaintecatherine.com\/en\/wp-json\/wp\/v2\/media?parent=1000"}],"curies":[{"name":"wp","href":"https:\/\/api.w.org\/{rel}","templated":true}]}}