{"id":112,"date":"2023-06-15T17:17:43","date_gmt":"2023-06-15T17:17:43","guid":{"rendered":"http:\/\/devtheatresaintecatherine.local\/?page_id=112"},"modified":"2023-08-09T09:02:01","modified_gmt":"2023-08-09T13:02:01","slug":"test","status":"publish","type":"page","link":"https:\/\/theatresaintecatherine.com\/en\/test\/","title":{"rendered":"Caf\u00e9 &#8211; Bar"},"content":{"rendered":"<p>[et_pb_section fb_built=&#8221;1&#8243; specialty=&#8221;on&#8221; _builder_version=&#8221;4.21.0&#8243; _module_preset=&#8221;default&#8221; custom_padding=&#8221;38px|||||&#8221; global_colors_info=&#8221;{}&#8221;][et_pb_column type=&#8221;1_2&#8243; specialty_columns=&#8221;2&#8243; _builder_version=&#8221;4.16&#8243; custom_padding=&#8221;|||&#8221; global_colors_info=&#8221;{}&#8221; custom_padding__hover=&#8221;|||&#8221;][et_pb_row_inner _builder_version=&#8221;4.21.0&#8243; _module_preset=&#8221;default&#8221; custom_margin=&#8221;-31px|auto||auto||&#8221; custom_padding=&#8221;0px|||||&#8221; global_colors_info=&#8221;{}&#8221;][et_pb_column_inner saved_specialty_column_type=&#8221;1_2&#8243; _builder_version=&#8221;4.21.0&#8243; _module_preset=&#8221;default&#8221; global_colors_info=&#8221;{}&#8221;][et_pb_text content_tablet=&#8221;<\/p>\n<h1>CAF\u00c9 &#8211; BAR<\/h1>\n<p>&#8221; content_phone=&#8221;<\/p>\n<h1>CAF\u00c9 &#8211; BAR<\/h1>\n<p>&#8221; content_last_edited=&#8221;on|tablet&#8221; _builder_version=&#8221;4.21.0&#8243; _module_preset=&#8221;default&#8221; custom_padding=&#8221;10%||||false|false&#8221; custom_padding_tablet=&#8221;10%||||false|false&#8221; custom_padding_phone=&#8221;10%||||false|false&#8221; custom_padding_last_edited=&#8221;on|phone&#8221; global_colors_info=&#8221;{}&#8221;]<\/p>\n<h1>CAF\u00c9 &#8211; BAR<\/h1>\n<p>[\/et_pb_text][\/et_pb_column_inner][\/et_pb_row_inner][et_pb_row_inner _builder_version=&#8221;4.21.0&#8243; _module_preset=&#8221;default&#8221; custom_margin=&#8221;-16px|2px|-16px||true|false&#8221; global_colors_info=&#8221;{}&#8221;][et_pb_column_inner saved_specialty_column_type=&#8221;1_2&#8243; _builder_version=&#8221;4.21.0&#8243; _module_preset=&#8221;default&#8221; global_colors_info=&#8221;{}&#8221;][et_pb_text content_tablet=&#8221;<\/p>\n<h4 style=%22text-align: left;%22>Hours<\/h4>\n<h4 style=%22text-align: left;%22>Monday-Friday 8am-6pm<\/h4>\n<h4 style=%22text-align: left;%22>Saturday 11am-6pm<\/h4>\n<h4 style=%22text-align: left;%22>Sunday 12pm-6pm<\/h4>\n<p>&#8221; content_phone=&#8221;<\/p>\n<h4 style=%22text-align: left;%22>Hours Monday-Friday 8am-6pm<\/h4>\n<h4 style=%22text-align: left;%22>Saturday 11am-6pm<\/h4>\n<h4 style=%22text-align: left;%22>Sunday 12pm-6pm<\/h4>\n<p>&#8221; content_last_edited=&#8221;on|phone&#8221; _builder_version=&#8221;4.21.0&#8243; _module_preset=&#8221;d5ed39d4-be07-4589-a130-ce7fe922058d&#8221; header_4_font_size=&#8221;18px&#8221; custom_margin=&#8221;-51px||13px||false|false&#8221; custom_padding=&#8221;0px||12px||false|false&#8221; custom_padding_tablet=&#8221;0px||24px||false|false&#8221; custom_padding_phone=&#8221;0px||0px||true|false&#8221; custom_padding_last_edited=&#8221;on|tablet&#8221; header_4_font_size_tablet=&#8221;17px&#8221; header_4_font_size_phone=&#8221;16px&#8221; header_4_font_size_last_edited=&#8221;on|phone&#8221; global_colors_info=&#8221;{}&#8221;]<\/p>\n<h4 style=\"text-align: left;\"><\/h4>\n<h4 style=\"text-align: left;\">Hours\u00a0 \u00a0<\/h4>\n<h4 style=\"text-align: left;\">Monday-Friday 8am-6pm<\/h4>\n<h4 style=\"text-align: left;\">Saturday 11am-6pm<\/h4>\n<h4 style=\"text-align: left;\">Sunday 12pm-6pm<\/h4>\n<p>*Extended hours during events and shows.<\/p>\n<p>&nbsp;<\/p>\n<p>[\/et_pb_text][et_pb_button button_url=&#8221;https:\/\/theatresaintecatheri.live-website.com\/cafe-bar-menu\/&#8221; button_text=&#8221;CAF\u00c9 &#8211; BAR MENU&#8221; _builder_version=&#8221;4.21.2&#8243; _module_preset=&#8221;b5e4b7f9-871e-4777-abeb-22f40ed876b0&#8243; hover_enabled=&#8221;0&#8243; global_colors_info=&#8221;{}&#8221; sticky_enabled=&#8221;0&#8243;][\/et_pb_button][\/et_pb_column_inner][\/et_pb_row_inner][et_pb_row_inner _builder_version=&#8221;4.21.0&#8243; _module_preset=&#8221;default&#8221; global_colors_info=&#8221;{}&#8221;][et_pb_column_inner saved_specialty_column_type=&#8221;1_2&#8243; _builder_version=&#8221;4.21.0&#8243; _module_preset=&#8221;default&#8221; global_colors_info=&#8221;{}&#8221;][et_pb_text _builder_version=&#8221;4.21.2&#8243; _module_preset=&#8221;24316be8-947e-49bc-bae7-66599e5a8cec&#8221; text_letter_spacing=&#8221;1.5px&#8221; global_colors_info=&#8221;{}&#8221;]<\/p>\n<p style=\"text-align: left;\">Since 2014, Th\u00e9\u00e2tre Sainte-Catherine is home of a friendly caf\u00e9-bar where teachers, students, friends, workers and residents come to enjoy a delicious grilled cheese or converse over a cup of coffee and cookie.<\/p>\n<p style=\"text-align: left;\">During the day, the theatre transforms its seats for large work tables and welcomes students, workers, actors rehearsing indie theatre and any and all human beings under the sun.<\/p>\n<p>[\/et_pb_text][\/et_pb_column_inner][\/et_pb_row_inner][\/et_pb_column][et_pb_column type=&#8221;1_2&#8243; _builder_version=&#8221;4.16&#8243; custom_padding=&#8221;|||&#8221; global_colors_info=&#8221;{}&#8221; custom_padding__hover=&#8221;|||&#8221;][et_pb_image src=&#8221;https:\/\/theatresaintecatheri.live-website.com\/wp-content\/uploads\/2023\/06\/foodcoffee_cafebarpg_1240x827.jpg&#8221; alt=&#8221;An array of cookies and coffee&#8221; title_text=&#8221;foodcoffee_cafebarpg_1240x827&#8243; _builder_version=&#8221;4.21.2&#8243; _module_preset=&#8221;default&#8221; custom_margin=&#8221;0%||||false|false&#8221; custom_margin_tablet=&#8221;0%||||false|false&#8221; custom_margin_phone=&#8221;0%||||false|false&#8221; custom_margin_last_edited=&#8221;on|phone&#8221; border_radii=&#8221;on|33px|33px|33px|33px&#8221; global_colors_info=&#8221;{}&#8221;][\/et_pb_image][\/et_pb_column][\/et_pb_section][et_pb_section fb_built=&#8221;1&#8243; _builder_version=&#8221;4.21.0&#8243; _module_preset=&#8221;default&#8221; custom_padding=&#8221;||0px|||&#8221; global_colors_info=&#8221;{}&#8221;][et_pb_row column_structure=&#8221;1_2,1_2&#8243; custom_padding_last_edited=&#8221;on|phone&#8221; _builder_version=&#8221;4.21.0&#8243; _module_preset=&#8221;default&#8221; custom_margin=&#8221;-25px||||false|false&#8221; custom_margin_tablet=&#8221;-25px||||false|false&#8221; custom_margin_phone=&#8221;-93px||||false|false&#8221; custom_margin_last_edited=&#8221;on|phone&#8221; custom_padding=&#8221;0px||5%||false|false&#8221; custom_padding_tablet=&#8221;0px||5%||false|false&#8221; custom_padding_phone=&#8221;0px||5%||false|false&#8221; global_colors_info=&#8221;{}&#8221;][et_pb_column type=&#8221;1_2&#8243; _builder_version=&#8221;4.21.0&#8243; _module_preset=&#8221;default&#8221; global_colors_info=&#8221;{}&#8221;][et_pb_image src=&#8221;https:\/\/theatresaintecatheri.live-website.com\/wp-content\/uploads\/2023\/06\/bar_tsc.jpeg&#8221; alt=&#8221;Cocktails&#8221; title_text=&#8221;bar_tsc&#8221; _builder_version=&#8221;4.21.2&#8243; _module_preset=&#8221;default&#8221; border_radii=&#8221;on|33px|33px|33px|33px&#8221; global_colors_info=&#8221;{}&#8221;][\/et_pb_image][\/et_pb_column][et_pb_column type=&#8221;1_2&#8243; _builder_version=&#8221;4.21.0&#8243; _module_preset=&#8221;default&#8221; global_colors_info=&#8221;{}&#8221;][et_pb_text _builder_version=&#8221;4.21.2&#8243; _module_preset=&#8221;24316be8-947e-49bc-bae7-66599e5a8cec&#8221; global_colors_info=&#8221;{}&#8221;]<\/p>\n<p>The kitchen is run by\u00a0 Isabelle and Samuel. She studied to be a pastry chef and it is obvious her sweets can&#8217;t be beat. He is a self made chef with a natural talent for flavour. The menu is always expanding. Nothing ever stays the same except for the most popular goodies. You can&#8217;t beat a good thing.<\/p>\n<p>&nbsp;<\/p>\n<p>[\/et_pb_text][\/et_pb_column][\/et_pb_row][\/et_pb_section]<\/p>\n","protected":false},"excerpt":{"rendered":"<p>CAF\u00c9 &#8211; BAR Hours\u00a0 \u00a0 Monday-Friday 8am-6pm Saturday 11am-6pm Sunday 12pm-6pm *Extended hours during events and shows. &nbsp;Since 2014, Th\u00e9\u00e2tre Sainte-Catherine is home of a friendly caf\u00e9-bar where teachers, students, [&hellip;]<\/p>\n","protected":false},"author":1,"featured_media":0,"parent":0,"menu_order":0,"comment_status":"closed","ping_status":"closed","template":"","meta":{"_et_pb_use_builder":"on","_et_pb_old_content":"","_et_gb_content_width":"","footnotes":""},"class_list":["post-112","page","type-page","status-publish","hentry"],"_links":{"self":[{"href":"https:\/\/theatresaintecatherine.com\/en\/wp-json\/wp\/v2\/pages\/112","targetHints":{"allow":["GET"]}}],"collection":[{"href":"https:\/\/theatresaintecatherine.com\/en\/wp-json\/wp\/v2\/pages"}],"about":[{"href":"https:\/\/theatresaintecatherine.com\/en\/wp-json\/wp\/v2\/types\/page"}],"author":[{"embeddable":true,"href":"https:\/\/theatresaintecatherine.com\/en\/wp-json\/wp\/v2\/users\/1"}],"replies":[{"embeddable":true,"href":"https:\/\/theatresaintecatherine.com\/en\/wp-json\/wp\/v2\/comments?post=112"}],"version-history":[{"count":0,"href":"https:\/\/theatresaintecatherine.com\/en\/wp-json\/wp\/v2\/pages\/112\/revisions"}],"wp:attachment":[{"href":"https:\/\/theatresaintecatherine.com\/en\/wp-json\/wp\/v2\/media?parent=112"}],"curies":[{"name":"wp","href":"https:\/\/api.w.org\/{rel}","templated":true}]}}