{"id":3,"date":"2023-06-08T19:57:02","date_gmt":"2023-06-08T19:57:02","guid":{"rendered":"http:\/\/devtheatresaintecatherine.local\/?page_id=3"},"modified":"2024-04-15T16:47:33","modified_gmt":"2024-04-15T20:47:33","slug":"privacy-policy","status":"publish","type":"page","link":"https:\/\/theatresaintecatherine.com\/en\/privacy-policy\/","title":{"rendered":"Privacy Policy"},"content":{"rendered":"<p>[et_pb_section fb_built=&#8221;1&#8243; admin_label=&#8221;section&#8221; _builder_version=&#8221;4.22.1&#8243; global_colors_info=&#8221;{}&#8221;][et_pb_row admin_label=&#8221;row&#8221; _builder_version=&#8221;4.16&#8243; background_size=&#8221;initial&#8221; background_position=&#8221;top_left&#8221; background_repeat=&#8221;repeat&#8221; global_colors_info=&#8221;{}&#8221;][et_pb_column type=&#8221;4_4&#8243; _builder_version=&#8221;4.16&#8243; custom_padding=&#8221;|||&#8221; global_colors_info=&#8221;{}&#8221; custom_padding__hover=&#8221;|||&#8221;][et_pb_text admin_label=&#8221;Text&#8221; _builder_version=&#8221;4.22.1&#8243; background_size=&#8221;initial&#8221; background_position=&#8221;top_left&#8221; background_repeat=&#8221;repeat&#8221; global_colors_info=&#8221;{}&#8221;]<\/p>\n<h1><span style=\"font-size: x-large;\"><b style=\"color: #383838; font-family: Actor, Helvetica, Arial, Lucida, sans-serif;\">For a Safer Community<\/b><\/span><b style=\"font-size: 17px; color: #383838; font-family: Actor, Helvetica, Arial, Lucida, sans-serif;\"><\/b><\/h1>\n<div class=\"flex-1 overflow-hidden\">\n<div class=\"react-scroll-to-bottom--css-hkoue-79elbk h-full dark:bg-gray-800\">\n<div class=\"react-scroll-to-bottom--css-hkoue-1n7m0yu\">\n<div class=\"flex flex-col text-sm dark:bg-gray-800\">\n<div class=\"group w-full text-token-text-primary border-b border-black\/10 dark:border-gray-900\/50 bg-gray-50 dark:bg-[#444654]\" data-testid=\"conversation-turn-3\">\n<div class=\"p-4 justify-center text-base md:gap-6 md:py-6 lg:px-0 m-auto\">\n<div class=\"flex flex-1 gap-4 text-base mx-auto md:gap-6 md:max-w-2xl lg:max-w-[38rem] xl:max-w-3xl }\">\n<div class=\"relative flex w-[calc(100%-50px)] flex-col gap-1 md:gap-3 lg:w-[calc(100%-115px)]\">\n<div class=\"flex flex-grow flex-col gap-3 max-w-full\">\n<div class=\"min-h-[20px] flex flex-col items-start gap-3 overflow-x-auto whitespace-pre-wrap break-words\">\n<div class=\"markdown prose w-full break-words dark:prose-invert light\">\n<p><span style=\"font-weight: 400;\">Th\u00e9\u00e2tre Sainte-Catherine strives to implement various practices and policies to create an environment where respect, safety, kindness, and conviviality are emphasized. We aim to develop a space where everyone feels comfortable to frequent and express themselves without fear of judgment.<\/span><\/p>\n<p><b>Territorial Acknowledgement<\/b><\/p>\n<p><span style=\"font-weight: 400;\">Th\u00e9\u00e2tre Sainte-Catherine acknowledges that we are located on stolen and unceded lands traditionally belonging to Indigenous peoples and currently on Kanien\u2019keh\u00e1:ka territory. Specifically, we operate on the island of &#8220;Montreal,&#8221; known as Tio\u2019tia:ke, which has always been a place of meetings, gatherings, and exchanges for many Indigenous nations. Even today, these lands are shared by diverse Indigenous populations as well as people of various origins.<\/span><\/p>\n<p><a href=\"https:\/\/drive.google.com\/drive\/folders\/1L4KN6Nj9GkZ_v0l2PgCgut--ZJUgSOi3?usp=drive_link\"><span style=\"font-weight: 400;\">For more informations<\/span><\/a><\/p>\n<p><b>Policy on Respect and Harassment Prevention<\/b><\/p>\n<p><span style=\"font-weight: 400;\">Th\u00e9\u00e2tre Sainte-Catherine aims to be an inclusive, welcoming, and friendly environment where the atmosphere encourages mutual respect for everyone. We want everyone to feel welcome, which is why we are committed to providing a safer space for those frequenting our premises. Thus, behaviors that undermine the dignity, safety, comfort, or self-esteem of individuals, and\/or establish an intimidating, hostile, or offensive atmosphere will not be tolerated within the Theatre and its activities.<\/span><\/p>\n<p><span style=\"font-weight: 400;\">To ensure that everyone can fully enjoy workshops, events, and performances, we place great importance on the safety and well-being of our artists, teachers, technicians, audience members, and bar-caf\u00e9 staff. Therefore, Th\u00e9\u00e2tre Sainte-Catherine (TSC) and Nouveau International have established a policy aimed at raising awareness, preventing, and intervening in cases of harassment and violence of all kinds. In addition to this policy, training and resources will be made available to the community to learn more about these different issues and develop better reflexes in problematic situations. Finally, a code of conduct will be applied to all to ensure consistency between our discourse and our actions.<\/span><\/p>\n<p><a href=\"https:\/\/drive.google.com\/file\/d\/1nvtpURnvtp8qRBQSDNy4e-vnqanVhR3Q\/view?usp=sharing\"><span style=\"font-weight: 400;\">To view the full version of the policy<\/span><\/a><\/p>\n<p><a href=\"https:\/\/forms.gle\/CcvfTFvNDC39x2RF6\"><span style=\"font-weight: 400;\">To sign the code of conduct<\/span><\/a><\/p>\n<p><a href=\"https:\/\/drive.google.com\/drive\/folders\/1KBXUGmjB261PBLO-7pFLiTO9krTyntjI?usp=drive_link\"><span style=\"font-weight: 400;\">For more information<\/span><\/a><\/p>\n<p><span style=\"font-weight: 400;\"><\/span><\/p>\n<p><b>Policy on Privacy of Personal Data<\/b><\/p>\n<p><span style=\"font-weight: 400;\">To comply with the Private Sector Privacy Act, Th\u00e9\u00e2tre Sainte-Catherine has implemented a policy on the privacy of personal data for users of our website and subscribers to our newsletter.<\/span><\/p>\n<p><a href=\"https:\/\/drive.google.com\/file\/d\/1m3eQzWeM-hGosrrnFtMEzyOJ9Aq0z7jM\/view?usp=sharing\"><span style=\"font-weight: 400;\">To view the full version of the policy<\/span><\/a><\/p>\n<p><span style=\"font-weight: 400;\"><\/span><\/p>\n<p style=\"text-align: center;\"><span style=\"font-weight: 400;\">For any questions or comments, don\u2019t hesitate to reach out at <\/span><a href=\"mailto:theatrestecatherine@gmail.com\"><span style=\"font-weight: 400;\">theatrestecatherine@gmail.com<\/span><\/a>\u00a0<\/p>\n<\/div>\n<\/div>\n<\/div>\n<\/div>\n<\/div>\n<\/div>\n<\/div>\n<\/div>\n<\/div>\n<\/div>\n<\/div>\n<p>[\/et_pb_text][\/et_pb_column][\/et_pb_row][\/et_pb_section]<\/p>\n","protected":false},"excerpt":{"rendered":"<p>For a Safer Community Th\u00e9\u00e2tre Sainte-Catherine strives to implement various practices and policies to create an environment where respect, safety, kindness, and conviviality are emphasized. We aim to develop a [&hellip;]<\/p>\n","protected":false},"author":1,"featured_media":0,"parent":0,"menu_order":0,"comment_status":"closed","ping_status":"open","template":"","meta":{"_et_pb_use_builder":"on","_et_pb_old_content":"<!-- wp:heading --><h2>Who we are<\/h2><!-- \/wp:heading --><!-- wp:paragraph --><p><strong class=\"privacy-policy-tutorial\">Suggested text: <\/strong>Our website address is: http:\/\/devtheatresaintecatherine.local.<\/p><!-- \/wp:paragraph --><!-- wp:heading --><h2>Comments<\/h2><!-- \/wp:heading --><!-- wp:paragraph --><p><strong class=\"privacy-policy-tutorial\">Suggested text: <\/strong>When visitors leave comments on the site we collect the data shown in the comments form, and also the visitor&#8217;s IP address and browser user agent string to help spam detection.<\/p><!-- \/wp:paragraph --><!-- wp:paragraph --><p>An anonymized string created from your email address (also called a hash) may be provided to the Gravatar service to see if you are using it. The Gravatar service privacy policy is available here: https:\/\/automattic.com\/privacy\/. After approval of your comment, your profile picture is visible to the public in the context of your comment.<\/p><!-- \/wp:paragraph --><!-- wp:heading --><h2>Media<\/h2><!-- \/wp:heading --><!-- wp:paragraph --><p><strong class=\"privacy-policy-tutorial\">Suggested text: <\/strong>If you upload images to the website, you should avoid uploading images with embedded location data (EXIF GPS) included. Visitors to the website can download and extract any location data from images on the website.<\/p><!-- \/wp:paragraph --><!-- wp:heading --><h2>Cookies<\/h2><!-- \/wp:heading --><!-- wp:paragraph --><p><strong class=\"privacy-policy-tutorial\">Suggested text: <\/strong>If you leave a comment on our site you may opt-in to saving your name, email address and website in cookies. These are for your convenience so that you do not have to fill in your details again when you leave another comment. These cookies will last for one year.<\/p><!-- \/wp:paragraph --><!-- wp:paragraph --><p>If you visit our login page, we will set a temporary cookie to determine if your browser accepts cookies. This cookie contains no personal data and is discarded when you close your browser.<\/p><!-- \/wp:paragraph --><!-- wp:paragraph --><p>When you log in, we will also set up several cookies to save your login information and your screen display choices. Login cookies last for two days, and screen options cookies last for a year. If you select &quot;Remember Me&quot;, your login will persist for two weeks. If you log out of your account, the login cookies will be removed.<\/p><!-- \/wp:paragraph --><!-- wp:paragraph --><p>If you edit or publish an article, an additional cookie will be saved in your browser. This cookie includes no personal data and simply indicates the post ID of the article you just edited. It expires after 1 day.<\/p><!-- \/wp:paragraph --><!-- wp:heading --><h2>Embedded content from other websites<\/h2><!-- \/wp:heading --><!-- wp:paragraph --><p><strong class=\"privacy-policy-tutorial\">Suggested text: <\/strong>Articles on this site may include embedded content (e.g. videos, images, articles, etc.). Embedded content from other websites behaves in the exact same way as if the visitor has visited the other website.<\/p><!-- \/wp:paragraph --><!-- wp:paragraph --><p>These websites may collect data about you, use cookies, embed additional third-party tracking, and monitor your interaction with that embedded content, including tracking your interaction with the embedded content if you have an account and are logged in to that website.<\/p><!-- \/wp:paragraph --><!-- wp:heading --><h2>Who we share your data with<\/h2><!-- \/wp:heading --><!-- wp:paragraph --><p><strong class=\"privacy-policy-tutorial\">Suggested text: <\/strong>If you request a password reset, your IP address will be included in the reset email.<\/p><!-- \/wp:paragraph --><!-- wp:heading --><h2>How long we retain your data<\/h2><!-- \/wp:heading --><!-- wp:paragraph --><p><strong class=\"privacy-policy-tutorial\">Suggested text: <\/strong>If you leave a comment, the comment and its metadata are retained indefinitely. This is so we can recognize and approve any follow-up comments automatically instead of holding them in a moderation queue.<\/p><!-- \/wp:paragraph --><!-- wp:paragraph --><p>For users that register on our website (if any), we also store the personal information they provide in their user profile. All users can see, edit, or delete their personal information at any time (except they cannot change their username). Website administrators can also see and edit that information.<\/p><!-- \/wp:paragraph --><!-- wp:heading --><h2>What rights you have over your data<\/h2><!-- \/wp:heading --><!-- wp:paragraph --><p><strong class=\"privacy-policy-tutorial\">Suggested text: <\/strong>If you have an account on this site, or have left comments, you can request to receive an exported file of the personal data we hold about you, including any data you have provided to us. You can also request that we erase any personal data we hold about you. This does not include any data we are obliged to keep for administrative, legal, or security purposes.<\/p><!-- \/wp:paragraph --><!-- wp:heading --><h2>Where your data is sent<\/h2><!-- \/wp:heading --><!-- wp:paragraph --><p><strong class=\"privacy-policy-tutorial\">Suggested text: <\/strong>Visitor comments may be checked through an automated spam detection service.<\/p><!-- \/wp:paragraph -->","_et_gb_content_width":"","footnotes":""},"class_list":["post-3","page","type-page","status-publish","hentry"],"_links":{"self":[{"href":"https:\/\/theatresaintecatherine.com\/en\/wp-json\/wp\/v2\/pages\/3","targetHints":{"allow":["GET"]}}],"collection":[{"href":"https:\/\/theatresaintecatherine.com\/en\/wp-json\/wp\/v2\/pages"}],"about":[{"href":"https:\/\/theatresaintecatherine.com\/en\/wp-json\/wp\/v2\/types\/page"}],"author":[{"embeddable":true,"href":"https:\/\/theatresaintecatherine.com\/en\/wp-json\/wp\/v2\/users\/1"}],"replies":[{"embeddable":true,"href":"https:\/\/theatresaintecatherine.com\/en\/wp-json\/wp\/v2\/comments?post=3"}],"version-history":[{"count":0,"href":"https:\/\/theatresaintecatherine.com\/en\/wp-json\/wp\/v2\/pages\/3\/revisions"}],"wp:attachment":[{"href":"https:\/\/theatresaintecatherine.com\/en\/wp-json\/wp\/v2\/media?parent=3"}],"curies":[{"name":"wp","href":"https:\/\/api.w.org\/{rel}","templated":true}]}}